{"id":256161,"date":"2026-01-27T19:13:28","date_gmt":"2026-01-28T01:13:28","guid":{"rendered":"https:\/\/mexproudshipping.com\/PruebasLayer\/?page_id=256161"},"modified":"2026-03-24T11:36:18","modified_gmt":"2026-03-24T17:36:18","slug":"condiciones-generales","status":"publish","type":"page","link":"https:\/\/mexproudshipping.com\/PruebasLayer\/condiciones-generales\/","title":{"rendered":"Condiciones generales"},"content":{"rendered":"\t\t<div data-elementor-type=\"wp-page\" data-elementor-id=\"256161\" class=\"elementor elementor-256161\" data-elementor-post-type=\"page\">\n\t\t\t\t<div class=\"elementor-element elementor-element-5372c6c e-flex e-con-boxed e-con e-parent\" data-id=\"5372c6c\" data-element_type=\"container\" data-e-type=\"container\">\n\t\t\t\t\t<div class=\"e-con-inner\">\n\t\t\t\t<div class=\"elementor-element elementor-element-3b2c710 elementor-widget elementor-widget-heading\" data-id=\"3b2c710\" data-element_type=\"widget\" data-e-type=\"widget\" data-widget_type=\"heading.default\">\n\t\t\t\t<div class=\"elementor-widget-container\">\n\t\t\t\t\t<h2 class=\"elementor-heading-title elementor-size-default\">Condiciones generales<\/h2>\t\t\t\t<\/div>\n\t\t\t\t<\/div>\n\t\t\t\t<div class=\"elementor-element elementor-element-17968a5 elementor-widget elementor-widget-text-editor\" data-id=\"17968a5\" data-element_type=\"widget\" data-e-type=\"widget\" data-widget_type=\"text-editor.default\">\n\t\t\t\t<div class=\"elementor-widget-container\">\n\t\t\t\t\t\t\t\t\t<section class=\"vc_row wpb_row vc_row-fluid vc_custom_1510651119539 wow none pofo-row-responsive-6978f20e5744b animated\"><div class=\"wpb_column vc_column_container vc_col-sm-12 col-xs-mobile-fullwidth\"><div class=\"vc_column-inner \"><div class=\"wpb_wrapper\"><p><span class=\"text-extra-dark-gray margin-20px-bottom font-weight-600 display-inline-block alt-font heading-style2 heading-1\" data-fontsize=\"30px\" data-lineheight=\"33px\">Condiciones generales de servicio prestados por MEXPROUD SHIPPING, S.A. de C.V.<\/span><\/p><div class=\"vc_empty_space\">\u00a0<\/div><div class=\"last-paragraph-no-margin\"><p><strong>RESPECTO DE LOS SERVICIOS ESPECIALIZADOS DE LOG\u00cdSTICA PARA LA TRANSPORTACI\u00d3N NACIONAL E INTERNACIONAL DE MERCADER\u00cdAS \u201cFREIGHT FORWARDER\u201d FF<\/strong><\/p><p>En cumplimiento a la Norma Oficial Mexicana NMX-Z-013-SCFI-2015 as\u00ed como a la regulaci\u00f3n federal de Protecci\u00f3n al Consumidor se establecen las condiciones gen\u00e9ricas de servicios otorgados por MEX PROUD SHIPPING, SA de CV, (en adelante MP)<\/p><\/div><\/div><\/div><\/div><\/section><section class=\"vc_row wpb_row vc_row-fluid vc_custom_1510651177801 pofo-row-responsive-6978f20e578ce\"><div class=\"wpb_column vc_column_container vc_col-sm-12 col-xs-mobile-fullwidth\"><div class=\"vc_column-inner \"><div class=\"wpb_wrapper\"><div class=\"text-medium-gray text-small margin-5px-bottom alt-font text-uppercase heading-style4 heading-2\" data-fontsize=\"17px\" data-lineheight=\"20px\">DESCRIPCI\u00d3N DEL SERVICIO<\/div><div class=\"vc_empty_space\">\u00a0<\/div><div class=\"last-paragraph-no-margin\"><ul><li>Los servicios que presta MEX PROUD consisten exclusivamente en otorgar la log\u00edstica necesaria para programar, coordinar, dirigir y en su caso contratar por cuenta del cliente los medios de transporte necesarios \u2013 terrestre, a\u00e9reo mar\u00edtimo- para llevar de un lugar a otro (designados por el cliente) las mercanc\u00edas de \u00e9ste en la condiciones y modalidades que espec\u00edficamente se pacten.<\/li><li>MP se obliga a ofrecer la mejor alternativa en materia de transporte, para las mercanc\u00edas del cliente, optando por el transportista m\u00e1s seguro y que ofrezca las condiciones de costo m\u00e1s competitivas para el cliente, las rutas directas, los medios de transporte m\u00e1s eficientes, nuevos y de buen estado.<\/li><li>MP podr\u00e1 contratar a cuenta del cliente y en nombre de este, tanto los servicios de transporte, como seguros, servicios de embalaje, carga, designaci\u00f3n de agente aduanal en su caso y aquellos complementarios para lograr mover las mercanc\u00edas al lugar que se solicite.<\/li><li>El cliente podr\u00e1 ser el propietario, embarcador, consignatario o consignatario o receptor de las mercanc\u00edas.<\/li><\/ul><\/div><\/div><\/div><\/div><\/section><section class=\"vc_row wpb_row vc_row-fluid vc_custom_1510651258038 wow none pofo-row-responsive-6978f20e57b70 animated\"><div class=\"wpb_column vc_column_container vc_col-sm-12 vc_col-lg-12 vc_col-md-12 vc_col-xs-12 wow none animated\"><div class=\"vc_column-inner \"><div class=\"wpb_wrapper\"><div class=\"text-medium-gray text-small margin-5px-bottom alt-font text-uppercase heading-style4 heading-3\" data-fontsize=\"17px\" data-lineheight=\"20px\">CONTRAPRESTACI\u00d3N POR EL SERVICIO<\/div><div class=\"vc_empty_space\">\u00a0<\/div><div class=\"last-paragraph-no-margin\"><ul><li>Los servicios de programaci\u00f3n de log\u00edstica tendr\u00e1n una contraprestaci\u00f3n que pagar\u00e1 quien sea que haya encargado el servicio de transportaci\u00f3n una vez que se solicite el servicio. La contraprestaci\u00f3n deber\u00e1 pagarse a las 2 d\u00edas naturales siguientes a la solicitud y en caso de no realizarse el pago se generar\u00e1 un inter\u00e9s de ____ m\u00e1s el pago de da\u00f1os y perjuicios.<\/li><li>Los gastos hechos por MP a nombre y por cuenta del cliente en favor de terceros, ser\u00e1n repercutidos a la primera por el cliente en el plazo de dos d\u00edas naturales despu\u00e9s de realizado el servicio. En caso de que el cliente no repercuta los pagos hechos por MP en su nombre a cualquier tipo de transportista o tercero, se generar\u00e1 un inter\u00e9s mensual del 5% sobre saldos insolutos, m\u00e1s el pago de da\u00f1os y perjuicios.<\/li><li>En caso de no realizarse el pago de cualquier importe, ser\u00e1n competentes para el reclamo judicial del mismo, los tribunales de la Ciudad de M\u00e9xico<\/li><li>Son aplicables a los servicios, y al pago de los mismos las leyes leyes mercantiles de M\u00e9xico, con independencia de la nacionalidad que tuviera cliente, o porteador, o embarcador o consignatario de las mercanc\u00edas.<\/li><li>A falta de pago de la contraprestaci\u00f3n o pagar los gastos repercutidos, MEX PROUD tendr\u00e1 derecho, a que hasta en tanto el cliente liquide todas y cada una de las cantidades generadas, establecer garant\u00eda prendaria sobre la mercanc\u00eda y retenerla y si ello implica adem\u00e1s el pago de almacenaje por la demora, maniobras o cualquier otra operaci\u00f3n el cliente est\u00e1 obligado tambi\u00e9n a pagarlos \u00edntegramente. Si la mercanc\u00eda se perdiera, fuera incautada MEX PROUD exigir\u00e1 tambi\u00e9n el pago por v\u00eda judicial.<\/li><li>\u00a0<\/li><\/ul><\/div><\/div><\/div><\/div><\/section><section class=\"vc_row wpb_row vc_row-fluid vc_custom_1510651197455 wow none pofo-row-responsive-6978f20e57e4f animated\"><div class=\"wpb_column vc_column_container vc_col-sm-12 vc_col-lg-12 vc_col-md-12 vc_col-xs-12 wow none animated\"><div class=\"vc_column-inner \"><div class=\"wpb_wrapper\"><div class=\"text-medium-gray text-small margin-5px-bottom alt-font text-uppercase heading-style4 heading-4\" data-fontsize=\"17px\" data-lineheight=\"20px\">ALCANCE DEL SERVICIO<\/div><div class=\"vc_empty_space\">\u00a0<\/div><div class=\"last-paragraph-no-margin\"><ul><li>MP podr\u00e1 contratar en nombre del cliente el servicio de transporte, siendo el transportista responsable para con el cliente de manera directa de acuerdo a las leyes.<\/li><li>Queda estipulado que cada prestador de servicio espec\u00edfico, ser\u00e1 responsable con el cliente del cumplimiento de la parte que le corresponda.<\/li><li>Si existiere una agente de prestaci\u00f3n de servicios de log\u00edstica que est\u00e9 coordinando en parte o en tramo la transportaci\u00f3n de las mercanc\u00edas del cliente, aqu\u00e9l ser\u00e1 responsable por el tramo o la parte que le corresponda.<\/li><li>Si la transportaci\u00f3n de mercanc\u00edas, tiene que pasar por aduana, el cliente contratara agente aduanal, o bien el agente de log\u00edstica lo har\u00e1 en su nombre, siendo responsable dicho agente para con el cliente, de conformidad con la ley Aduanera.<\/li><li>MP est\u00e1 obligado a vigilar que el transportista cuente con seguros y cumpla con la legislaci\u00f3n federal, local y municipal necesaria para transportar y si el transportista no cuenta con la documentaci\u00f3n o personal en regla, estar\u00e1 obligado a cambiar de transportista.<\/li><li>MP vigilar\u00e1 al transportista avisando al cliente del avance y ejecuci\u00f3n del transporte, notificando la llegada de las mercanc\u00edas a su destino<\/li><\/ul><\/div><\/div><\/div><\/div><\/section><section class=\"vc_row wpb_row vc_row-fluid vc_custom_1510651321665 wow none pofo-row-responsive-6978f20e580ec animated\"><div class=\"wpb_column vc_column_container vc_col-sm-12 vc_col-lg-12 vc_col-md-12 vc_col-xs-12 wow none animated\"><div class=\"vc_column-inner \"><div class=\"wpb_wrapper\"><div class=\"text-medium-gray text-small margin-5px-bottom alt-font text-uppercase heading-style4 heading-5\" data-fontsize=\"17px\" data-lineheight=\"20px\">RESPONSABILIDADES DEL CLIENTE<\/div><div class=\"vc_empty_space\">\u00a0<\/div><div class=\"last-paragraph-no-margin\"><ul><li>El cliente ser\u00e1 el responsable de proporcionar a MP, datos veraces respecto del tipo de carga, peligrosidad, cantidad, calidad, peso, dimensiones, bultos, embalaje, cuidados especiales legalidad de las mercanc\u00edas a ser transportadas, en el entendido que se recibir\u00e1n seg\u00fan el dicho del cliente, as\u00ed como su lugar de embarque y desembarque, la necesidad de embalaje o etiquetado especial, la necesidad de contrataci\u00f3n de seguros y alcance de \u00e9stos, que podr\u00e1n ser contratados por MEX PROUD seg\u00fan indicaciones del cliente, modo de transporte.<\/li><li>Todos los servicios especiales, seguros y embalaje que fueran contratados por MP en favor del cliente, le ser\u00e1n pagados por \u00e9ste o repercutidos.<\/li><li>En caso de demoras de transportista, MP se obliga para con el cliente a coadyuvar para llevar a cabo el buen t\u00e9rmino de las operaciones de transporte sin eximir al transportista de sus obligaciones.<\/li><li>Aun y cuando, la mercanc\u00eda se pierda, quede en abandono fiscal, el cliente deber\u00e1 de pagar servicios a MEX PROUD, tanto por los propios como por los pagos repercutidos.<\/li><li>El cliente est\u00e1 obligado al pago de cuotas arancelarias, impuestos, cuotas compensatorias, multas y toda aquella que determine la autoridad, para liberar las mercanc\u00edas. de manera directa y no a trav\u00e9s del agente MP.<\/li><li>MP no ser\u00e1 responsable en caso de negligencia del cliente, omisi\u00f3n a la especificaci\u00f3n de caracter\u00edsticas especiales de las mercanc\u00edas a ser transportadas, actos de terrorismo, rebeli\u00f3n, guerra, desastres naturales, fuerza mayor, caso fortuito, hurto, vicios de la carga propia, retrasos del transportista, cambio de transportista por el cliente, p\u00e9rdida o abandono fiscal, por informaci\u00f3n err\u00f3nea.<\/li><\/ul><\/div><div class=\"vc_empty_space\">\u00a0<\/div><div class=\"text-medium-gray text-small margin-5px-bottom alt-font text-uppercase heading-style4 heading-6\" data-fontsize=\"17px\" data-lineheight=\"20px\">MEC\u00c1NICA DE EJECUCI\u00d3N DEL SERVICIO<\/div><div class=\"vc_empty_space\">\u00a0<\/div><div class=\"text-medium-gray text-small margin-5px-bottom alt-font text-none heading-style4 heading-7\" data-fontsize=\"17px\" data-lineheight=\"20px\">Cliente y MP se comunicaran a trav\u00e9s de correo electr\u00f3nico ______________ y tel\u00e9fonos ____________&#8211;<\/div><\/div><\/div><\/div><\/section>\t\t\t\t\t\t\t\t<\/div>\n\t\t\t\t<\/div>\n\t\t\t\t\t<\/div>\n\t\t\t\t<\/div>\n\t\t\t\t<\/div>\n\t\t","protected":false},"excerpt":{"rendered":"<p>Condiciones generales Condiciones generales de servicio prestados por MEXPROUD SHIPPING, S.A. de C.V. \u00a0 RESPECTO DE LOS SERVICIOS ESPECIALIZADOS DE LOG\u00cdSTICA PARA LA TRANSPORTACI\u00d3N NACIONAL E INTERNACIONAL DE MERCADER\u00cdAS \u201cFREIGHT FORWARDER\u201d FF En cumplimiento a la Norma Oficial Mexicana NMX-Z-013-SCFI-2015 as\u00ed como a la regulaci\u00f3n federal de Protecci\u00f3n al Consumidor se establecen las condiciones gen\u00e9ricas [&hellip;]<\/p>\n","protected":false},"author":2,"featured_media":0,"parent":0,"menu_order":0,"comment_status":"closed","ping_status":"closed","template":"elementor_header_footer","meta":{"_acf_changed":false,"_joinchat":[],"footnotes":""},"class_list":["post-256161","page","type-page","status-publish","hentry"],"acf":[],"_links":{"self":[{"href":"https:\/\/mexproudshipping.com\/PruebasLayer\/wp-json\/wp\/v2\/pages\/256161","targetHints":{"allow":["GET"]}}],"collection":[{"href":"https:\/\/mexproudshipping.com\/PruebasLayer\/wp-json\/wp\/v2\/pages"}],"about":[{"href":"https:\/\/mexproudshipping.com\/PruebasLayer\/wp-json\/wp\/v2\/types\/page"}],"author":[{"embeddable":true,"href":"https:\/\/mexproudshipping.com\/PruebasLayer\/wp-json\/wp\/v2\/users\/2"}],"replies":[{"embeddable":true,"href":"https:\/\/mexproudshipping.com\/PruebasLayer\/wp-json\/wp\/v2\/comments?post=256161"}],"version-history":[{"count":0,"href":"https:\/\/mexproudshipping.com\/PruebasLayer\/wp-json\/wp\/v2\/pages\/256161\/revisions"}],"wp:attachment":[{"href":"https:\/\/mexproudshipping.com\/PruebasLayer\/wp-json\/wp\/v2\/media?parent=256161"}],"curies":[{"name":"wp","href":"https:\/\/api.w.org\/{rel}","templated":true}]}}