{"id":250698,"date":"2025-08-25T12:31:51","date_gmt":"2025-08-25T18:31:51","guid":{"rendered":"https:\/\/mexproudshipping.com\/PruebasLayer\/?page_id=250698"},"modified":"2025-09-08T16:20:39","modified_gmt":"2025-09-08T22:20:39","slug":"aviso-de-privacidad","status":"publish","type":"page","link":"https:\/\/mexproudshipping.com\/PruebasLayer\/aviso-de-privacidad\/","title":{"rendered":"Aviso de privacidad"},"content":{"rendered":"<h1>Aviso de privacidad<\/h1>\n<h2>Cookies estrictamente necesarias<\/h2>\n<p>Estas cookies son esenciales para el funcionamiento de la P\u00e1gina Web y suelen activarse en respuesta a acciones realizadas por el Titular, como configurar las preferencias de privacidad, iniciar sesi\u00f3n o completar formularios. Aunque se puede configurar el navegador para bloquearlas o recibir alertas sobre su uso, esto podr\u00eda afectar el funcionamiento de algunas secciones de la P\u00e1gina Web. Estas cookies no almacenan informaci\u00f3n que permita identificarlo personalmente.<\/p>\n<h3>Cookies de rendimiento\/ anal\u00edticas<\/h3>\n<p>Estas cookies permiten analizar el tr\u00e1fico y uso de la P\u00e1gina web, ayud\u00e1ndonos a medir y mejorar su desempe\u00f1o. Nos proporcionan informaci\u00f3n sobre qu\u00e9 p\u00e1ginas son m\u00e1s o menos visitadas y c\u00f3mo interact\u00faan los Titulares con la P\u00e1gina Web. La informaci\u00f3n recopilada es agregada y an\u00f3nima, por lo que no permite identificarle personalmente. Si decide no permitir estas cookies, no podremos saber cu\u00e1ndo visit\u00f3 nuestra P\u00e1gina Web ni optimizar la experiencia de navegaci\u00f3n en funci\u00f3n de dicho uso.<\/p>\n<h3>Cookies funcionales<\/h3>\n<p>Estas cookies permiten que la P\u00e1gina Web recuerde sus preferencias y ofrezca funciones mejoradas y personalizadas, como recordar su nombre de usuario, idioma o regi\u00f3n. Pueden ser establecidas por nosotros o por terceros cuyos servicios hemos integrado en nuestra P\u00e1gina Web. Si decide no permitirlas, es posible que algunas funciones de la P\u00e1gina Web no est\u00e9n disponibles o no se ejecuten correctamente.<\/p>\n<h3>Cookies publicitarias<\/h3>\n<p>Estas cookies se utilizan para mostrarle anuncios relevantes seg\u00fan sus intereses. Tambi\u00e9n pueden limitar la cantidad de veces que ve un anuncio y ayudar a medir la efectividad de las campa\u00f1as publicitarias. Suelen ser colocadas por terceros con nuestro permiso, y permiten construir un perfil de sus intereses a partir de su actividad de navegaci\u00f3n. Si no permite estas cookies, seguir\u00e1 viendo publicidad, pero ser\u00e1 menos relevante para usted.<br \/>\nPaso 3: Por \u00faltimo se recomienda agregar una funci\u00f3n a trav\u00e9s de la cual el usuario pueda deshabilitar las respectivas cookies o las instrucciones para poder deshabilitarlas.<br \/>\nIncluir, adem\u00e1s del Aviso de Privacidad, lo siguiente:<\/p>\n<h3>Pol\u00edtica de Cookies<\/h3>\n<p>\u00bfQu\u00e9 son las Cookies?: Archivo de datos que se almacena en el disco duro del equipo de c\u00f3mputo o del dispositivo de comunicaciones electr\u00f3nicas de un usuario al navegar en un sitio de internet espec\u00edfico, el cual permite intercambiar informaci\u00f3n de estado entre dicho sitio y el navegador del titular\/usuario. La informaci\u00f3n de estado puede revelar medios de identificaci\u00f3n de sesi\u00f3n, autenticaci\u00f3n o preferencias del titular\/usuario, as\u00ed como cualquier dato almacenado por el navegador respecto a la P\u00e1gina Web.<br \/>\nDerivado de lo anterior, es importante que el titular\/usuario considere la existencia de cookies en www.mexproudshipping.com (la \u201cP\u00e1gina Web\u201d), por lo que, a trav\u00e9s de este documento, se le comunica al usuario de la plataforma tecnol\u00f3gica de Mexproud Shipping, S.A. de C.V. que se utilizan herramientas con fines publicitarios como las cookies. Las cookies de la P\u00e1gina Web tienen como finalidad mejorar el uso de la plataforma, personalizar contenido y analizar la navegaci\u00f3n con fines estad\u00edsticos y comerciales. Estas cookies no recopilan informaci\u00f3n que permita identificar a los titulares\/usuarios.<\/p>\n<p>No obstante, en caso de que se lleguen a recabar datos personales, por medio de la presente se informa al usuario que podr\u00e1 ejercer en cualquier momento los derechos de acceso, rectificaci\u00f3n, cancelaci\u00f3n y oposici\u00f3n (derechos ARCO) de conformidad con el Aviso de Privacidad de Mexproud Shipping, S.A. de C.V.<br \/>\nA continuaci\u00f3n, se detallan las categor\u00edas de cookies junto con una descripci\u00f3n respecto de su utilizaci\u00f3n:<\/p>\n<h3>Cookies estrictamente necesarias:<\/h3>\n<p>Estas cookies son esenciales para el funcionamiento de la P\u00e1gina Web y suelen activarse en respuesta a acciones realizadas por el titular\/usuario, como configurar las preferencias de privacidad, iniciar sesi\u00f3n o completar formularios. Aunque se puede configurar el navegador para bloquearlas o recibir alertas sobre su uso, esto podr\u00eda afectar el funcionamiento de algunas secciones de la P\u00e1gina Web. Estas cookies no almacenan informaci\u00f3n que permita identificarlo personalmente.<\/p>\n<h3>Cookies de rendimiento\/ anal\u00edticas:<\/h3>\n<p>Estas cookies permiten analizar el tr\u00e1fico y uso de la P\u00e1gina web, ayud\u00e1ndonos a medir y mejorar su desempe\u00f1o. Nos proporcionan informaci\u00f3n sobre qu\u00e9 p\u00e1ginas son m\u00e1s o menos visitadas y c\u00f3mo interact\u00faan los titulares\/usuarios con la P\u00e1gina Web. La informaci\u00f3n recopilada es agregada y an\u00f3nima, por lo que no permite identificarle personalmente. Si decide no permitir estas cookies, no podremos saber cu\u00e1ndo visit\u00f3 nuestra P\u00e1gina Web ni optimizar la experiencia de navegaci\u00f3n en funci\u00f3n de dicho uso.<\/p>\n<h3>Cookies funcionales:<\/h3>\n<p>Estas cookies permiten que la P\u00e1gina Web recuerde sus preferencias y ofrezca funciones mejoradas y personalizadas, como recordar su nombre de usuario, idioma o regi\u00f3n. Pueden ser establecidas por nosotros o por terceros cuyos servicios hemos integrado en nuestra P\u00e1gina Web. Si decide no permitirlas, es posible que algunas funciones de la P\u00e1gina Web no est\u00e9n disponibles o no se ejecuten correctamente.<\/p>\n<h3>Cookies publicitarias:<\/h3>\n<p>Estas cookies se utilizan para mostrarle anuncios relevantes seg\u00fan sus intereses. Tambi\u00e9n pueden limitar la cantidad de veces que ve un anuncio y ayudar a medir la efectividad de las campa\u00f1as publicitarias. Suelen ser colocadas por terceros con nuestro permiso, y permiten construir un perfil de sus intereses a partir de su actividad de navegaci\u00f3n. Si no permite estas cookies, seguir\u00e1 viendo publicidad, pero ser\u00e1 menos relevante para usted.<\/p>\n<p>Algunas cookies que aparecen en la P\u00e1gina Web son colocadas por servicios de terceros, mismas que no est\u00e1n cargo ni son responsabilidad de Mexproud Shipping, S.A. de C.V.<br \/>\nAsimismo, te informamos que puedes limitar, deshabilitar o eliminar el uso de cookies mediante la configuraci\u00f3n de su navegador web. Para conocer c\u00f3mo hacerlo, consulta la informaci\u00f3n t\u00e9cnica del navegador que est\u00e9s utilizando.<\/p>\n<p>A continuaci\u00f3n se indican enlaces \u00fatiles para los navegadores m\u00e1s comunes:<\/p>\n<ul>\n<li>Google Chrome<\/li>\n<li>Mozilla Firefox<\/li>\n<li>Microsoft Edge<\/li>\n<li>Safari<\/li>\n<\/ul>\n","protected":false},"excerpt":{"rendered":"<p>Aviso de privacidad Cookies estrictamente necesarias Estas cookies son esenciales para el funcionamiento de la P\u00e1gina Web y suelen activarse en respuesta a acciones realizadas por el Titular, como configurar las preferencias de privacidad, iniciar sesi\u00f3n o completar formularios. Aunque se puede configurar el navegador para bloquearlas o recibir alertas sobre su uso, esto podr\u00eda [&hellip;]<\/p>\n","protected":false},"author":3,"featured_media":0,"parent":0,"menu_order":0,"comment_status":"closed","ping_status":"closed","template":"","meta":{"_acf_changed":false,"_joinchat":[],"footnotes":""},"class_list":["post-250698","page","type-page","status-publish","hentry"],"acf":[],"_links":{"self":[{"href":"https:\/\/mexproudshipping.com\/PruebasLayer\/wp-json\/wp\/v2\/pages\/250698","targetHints":{"allow":["GET"]}}],"collection":[{"href":"https:\/\/mexproudshipping.com\/PruebasLayer\/wp-json\/wp\/v2\/pages"}],"about":[{"href":"https:\/\/mexproudshipping.com\/PruebasLayer\/wp-json\/wp\/v2\/types\/page"}],"author":[{"embeddable":true,"href":"https:\/\/mexproudshipping.com\/PruebasLayer\/wp-json\/wp\/v2\/users\/3"}],"replies":[{"embeddable":true,"href":"https:\/\/mexproudshipping.com\/PruebasLayer\/wp-json\/wp\/v2\/comments?post=250698"}],"version-history":[{"count":0,"href":"https:\/\/mexproudshipping.com\/PruebasLayer\/wp-json\/wp\/v2\/pages\/250698\/revisions"}],"wp:attachment":[{"href":"https:\/\/mexproudshipping.com\/PruebasLayer\/wp-json\/wp\/v2\/media?parent=250698"}],"curies":[{"name":"wp","href":"https:\/\/api.w.org\/{rel}","templated":true}]}}