{"id":250614,"date":"2025-07-07T10:20:50","date_gmt":"2025-07-07T16:20:50","guid":{"rendered":"https:\/\/mexproudshipping.com\/PruebasLayer\/?page_id=250614"},"modified":"2026-04-07T12:48:45","modified_gmt":"2026-04-07T18:48:45","slug":"cuestionario-2","status":"publish","type":"page","link":"https:\/\/mexproudshipping.com\/PruebasLayer\/cuestionario-2\/","title":{"rendered":"Cuestionario 2"},"content":{"rendered":"\t\t<div data-elementor-type=\"wp-page\" data-elementor-id=\"250614\" class=\"elementor elementor-250614\" data-elementor-post-type=\"page\">\n\t\t\t\t<div class=\"elementor-element elementor-element-19b671b1 e-flex e-con-boxed e-con e-parent\" data-id=\"19b671b1\" data-element_type=\"container\" data-e-type=\"container\">\n\t\t\t\t\t<div class=\"e-con-inner\">\n\t\t<div class=\"elementor-element elementor-element-666d5452 e-con-full e-flex e-con e-child\" data-id=\"666d5452\" data-element_type=\"container\" data-e-type=\"container\">\n\t\t\t\t<div class=\"elementor-element elementor-element-2e7f601a elementor-widget elementor-widget-image\" data-id=\"2e7f601a\" data-element_type=\"widget\" data-e-type=\"widget\" data-widget_type=\"image.default\">\n\t\t\t\t<div class=\"elementor-widget-container\">\n\t\t\t\t\t\t\t\t\t\t\t\t\t\t\t<img fetchpriority=\"high\" decoding=\"async\" width=\"673\" height=\"528\" src=\"https:\/\/mexproudshipping.com\/PruebasLayer\/wp-content\/uploads\/2025\/05\/Mexproud.jpg\" class=\"attachment-large size-large wp-image-247179\" alt=\"\" srcset=\"https:\/\/mexproudshipping.com\/PruebasLayer\/wp-content\/uploads\/2025\/05\/Mexproud.jpg 673w, https:\/\/mexproudshipping.com\/PruebasLayer\/wp-content\/uploads\/2025\/05\/Mexproud-300x235.jpg 300w\" sizes=\"(max-width: 673px) 100vw, 673px\" \/>\t\t\t\t\t\t\t\t\t\t\t\t\t\t\t<\/div>\n\t\t\t\t<\/div>\n\t\t\t\t<\/div>\n\t\t<div class=\"elementor-element elementor-element-1182efa7 e-con-full e-flex e-con e-child\" data-id=\"1182efa7\" data-element_type=\"container\" data-e-type=\"container\">\n\t\t\t\t<div class=\"elementor-element elementor-element-49cf9806 elementor-widget elementor-widget-heading\" data-id=\"49cf9806\" data-element_type=\"widget\" data-e-type=\"widget\" data-widget_type=\"heading.default\">\n\t\t\t\t<div class=\"elementor-widget-container\">\n\t\t\t\t\t<h2 class=\"elementor-heading-title elementor-size-default\">Vacante 2<\/h2>\t\t\t\t<\/div>\n\t\t\t\t<\/div>\n\t\t\t\t<div class=\"elementor-element elementor-element-2cf28880 elementor-widget elementor-widget-text-editor\" data-id=\"2cf28880\" data-element_type=\"widget\" data-e-type=\"widget\" data-widget_type=\"text-editor.default\">\n\t\t\t\t<div class=\"elementor-widget-container\">\n\t\t\t\t\t\t\t\t\t<p>Caracter\u00edsticas de vacante ejemplo:<\/p>\t\t\t\t\t\t\t\t<\/div>\n\t\t\t\t<\/div>\n\t\t\t\t<div class=\"elementor-element elementor-element-3e6b7771 elementor-widget elementor-widget-text-editor\" data-id=\"3e6b7771\" data-element_type=\"widget\" data-e-type=\"widget\" data-widget_type=\"text-editor.default\">\n\t\t\t\t<div class=\"elementor-widget-container\">\n\t\t\t\t\t\t\t\t\t<p>Lorem ipsum dolor sit amet, consectetur adipiscing elit. Fusce tellus massa, vulputate consequat odio nec, fringilla consequat neque. Donec viverra nisl ante, non pharetra erat finibus ut. Donec et ex sit amet lorem laoreet congue. Suspendisse interdum scelerisque aliquam. Morbi et purus ligula. Vivamus suscipit risus congue nisl aliquam dignissim. Maecenas elit felis, aliquet ac tristique nec, dapibus et dolor.<\/p>\t\t\t\t\t\t\t\t<\/div>\n\t\t\t\t<\/div>\n\t\t\t\t<\/div>\n\t\t\t\t\t<\/div>\n\t\t\t\t<\/div>\n\t\t<div class=\"elementor-element elementor-element-4766cff5 e-flex e-con-boxed e-con e-parent\" data-id=\"4766cff5\" data-element_type=\"container\" data-e-type=\"container\">\n\t\t\t\t\t<div class=\"e-con-inner\">\n\t\t\t\t<div class=\"elementor-element elementor-element-1f8622c7 elementor-widget elementor-widget-heading\" data-id=\"1f8622c7\" data-element_type=\"widget\" data-e-type=\"widget\" data-widget_type=\"heading.default\">\n\t\t\t\t<div class=\"elementor-widget-container\">\n\t\t\t\t\t<h2 class=\"elementor-heading-title elementor-size-default\">Postulate aqu\u00ed<\/h2>\t\t\t\t<\/div>\n\t\t\t\t<\/div>\n\t\t\t\t<div class=\"elementor-element elementor-element-3cd7714c elementor-widget__width-initial elementor-button-align-start elementor-widget elementor-widget-form\" data-id=\"3cd7714c\" data-element_type=\"widget\" data-e-type=\"widget\" data-settings=\"{&quot;button_width&quot;:&quot;20&quot;,&quot;step_next_label&quot;:&quot;Siguiente&quot;,&quot;step_previous_label&quot;:&quot;Anterior&quot;,&quot;step_type&quot;:&quot;number_text&quot;,&quot;step_icon_shape&quot;:&quot;circle&quot;}\" data-widget_type=\"form.default\">\n\t\t\t\t<div class=\"elementor-widget-container\">\n\t\t\t\t\t\t\t<form class=\"elementor-form\" method=\"post\" name=\"Formulario de vacantes\" aria-label=\"Formulario de vacantes\">\n\t\t\t<input type=\"hidden\" name=\"post_id\" value=\"250614\"\/>\n\t\t\t<input type=\"hidden\" name=\"form_id\" value=\"3cd7714c\"\/>\n\t\t\t<input type=\"hidden\" name=\"referer_title\" value=\"Cuestionario 2\" \/>\n\n\t\t\t\t\t\t\t<input type=\"hidden\" name=\"queried_id\" value=\"250614\"\/>\n\t\t\t\n\t\t\t<div class=\"elementor-form-fields-wrapper elementor-labels-above\">\n\t\t\t\t\t\t\t\t<div class=\"elementor-field-type-text elementor-field-group elementor-column elementor-field-group-name elementor-col-100 elementor-field-required\">\n\t\t\t\t\t\t\t\t\t\t\t\t<label for=\"form-field-name\" class=\"elementor-field-label\">\n\t\t\t\t\t\t\t\t1. Nombre*\t\t\t\t\t\t\t<\/label>\n\t\t\t\t\t\t\t\t\t\t\t\t\t\t<input size=\"1\" type=\"text\" name=\"form_fields[name]\" id=\"form-field-name\" class=\"elementor-field elementor-size-sm  elementor-field-textual\" placeholder=\"(Requerido)\" required=\"required\">\n\t\t\t\t\t\t\t\t\t\t\t<\/div>\n\t\t\t\t\t\t\t\t<div class=\"elementor-field-type-text elementor-field-group elementor-column elementor-field-group-field_8894234 elementor-col-100 elementor-field-required\">\n\t\t\t\t\t\t\t\t\t\t\t\t<label for=\"form-field-field_8894234\" class=\"elementor-field-label\">\n\t\t\t\t\t\t\t\t2. Primer apellido*\t\t\t\t\t\t\t<\/label>\n\t\t\t\t\t\t\t\t\t\t\t\t\t\t<input size=\"1\" type=\"text\" name=\"form_fields[field_8894234]\" id=\"form-field-field_8894234\" class=\"elementor-field elementor-size-sm  elementor-field-textual\" placeholder=\"(Requerido)\" required=\"required\">\n\t\t\t\t\t\t\t\t\t\t\t<\/div>\n\t\t\t\t\t\t\t\t<div class=\"elementor-field-type-text elementor-field-group elementor-column elementor-field-group-field_72300f3 elementor-col-100 elementor-field-required\">\n\t\t\t\t\t\t\t\t\t\t\t\t<label for=\"form-field-field_72300f3\" class=\"elementor-field-label\">\n\t\t\t\t\t\t\t\t3. Segundo apellido*\t\t\t\t\t\t\t<\/label>\n\t\t\t\t\t\t\t\t\t\t\t\t\t\t<input size=\"1\" type=\"text\" name=\"form_fields[field_72300f3]\" id=\"form-field-field_72300f3\" class=\"elementor-field elementor-size-sm  elementor-field-textual\" placeholder=\"(Requerido)\" required=\"required\">\n\t\t\t\t\t\t\t\t\t\t\t<\/div>\n\t\t\t\t\t\t\t\t<div class=\"elementor-field-type-date elementor-field-group elementor-column elementor-field-group-field_4143891 elementor-col-100 elementor-field-required\">\n\t\t\t\t\t\t\t\t\t\t\t\t<label for=\"form-field-field_4143891\" class=\"elementor-field-label\">\n\t\t\t\t\t\t\t\t4. Fecha de nacimiento*\t\t\t\t\t\t\t<\/label>\n\t\t\t\t\t\t\n\t\t<input type=\"date\" name=\"form_fields[field_4143891]\" id=\"form-field-field_4143891\" class=\"elementor-field elementor-size-sm  elementor-field-textual elementor-date-field\" placeholder=\"dd\/mm\/aaaa\" required=\"required\" pattern=\"[0-9]{4}-[0-9]{2}-[0-9]{2}\">\n\t\t\t\t\t\t<\/div>\n\t\t\t\t\t\t\t\t<div class=\"elementor-field-type-number elementor-field-group elementor-column elementor-field-group-field_acbb8d5 elementor-col-100 elementor-field-required\">\n\t\t\t\t\t\t\t\t\t\t\t\t<label for=\"form-field-field_acbb8d5\" class=\"elementor-field-label\">\n\t\t\t\t\t\t\t\t5. \u00bfCu\u00e1ntos a\u00f1os tienes de experiencia laboral?*\t\t\t\t\t\t\t<\/label>\n\t\t\t\t\t\t\t\t\t<input type=\"number\" name=\"form_fields[field_acbb8d5]\" id=\"form-field-field_acbb8d5\" class=\"elementor-field elementor-size-sm  elementor-field-textual\" placeholder=\"(Requerido)\" required=\"required\" min=\"\" max=\"\" >\n\t\t\t\t\t\t<\/div>\n\t\t\t\t\t\t\t\t<div class=\"elementor-field-type-select elementor-field-group elementor-column elementor-field-group-field_3ec77fb elementor-col-100 elementor-field-required\">\n\t\t\t\t\t\t\t\t\t\t\t\t<label for=\"form-field-field_3ec77fb\" class=\"elementor-field-label\">\n\t\t\t\t\t\t\t\t6. Escolaridad *\t\t\t\t\t\t\t<\/label>\n\t\t\t\t\t\t\t\t<div class=\"elementor-field elementor-select-wrapper remove-before \">\n\t\t\t<div class=\"select-caret-down-wrapper\">\n\t\t\t\t<svg aria-hidden=\"true\" class=\"e-font-icon-svg e-eicon-caret-down\" viewBox=\"0 0 571.4 571.4\" xmlns=\"http:\/\/www.w3.org\/2000\/svg\"><path d=\"M571 393Q571 407 561 418L311 668Q300 679 286 679T261 668L11 418Q0 407 0 393T11 368 36 357H536Q550 357 561 368T571 393Z\"><\/path><\/svg>\t\t\t<\/div>\n\t\t\t<select name=\"form_fields[field_3ec77fb]\" id=\"form-field-field_3ec77fb\" class=\"elementor-field-textual elementor-size-sm\" required=\"required\">\n\t\t\t\t\t\t\t\t\t<option value=\"Elige una opci\u00f3n\">Elige una opci\u00f3n<\/option>\n\t\t\t\t\t\t\t\t\t<option value=\"Preparatoria (Licenciatura\/Ingenier\u00eda)\">Preparatoria (Licenciatura\/Ingenier\u00eda)<\/option>\n\t\t\t\t\t\t\t\t\t<option value=\"Posgrado (Especialidad\/Maestr\u00eda\/Doctorado)\">Posgrado (Especialidad\/Maestr\u00eda\/Doctorado)<\/option>\n\t\t\t\t\t\t\t<\/select>\n\t\t<\/div>\n\t\t\t\t\t\t<\/div>\n\t\t\t\t\t\t\t\t<div class=\"elementor-field-type-number elementor-field-group elementor-column elementor-field-group-field_643e67c elementor-col-100 elementor-field-required\">\n\t\t\t\t\t\t\t\t\t\t\t\t<label for=\"form-field-field_643e67c\" class=\"elementor-field-label\">\n\t\t\t\t\t\t\t\t7. N\u00famero de celular*\t\t\t\t\t\t\t<\/label>\n\t\t\t\t\t\t\t\t\t<input type=\"number\" name=\"form_fields[field_643e67c]\" id=\"form-field-field_643e67c\" class=\"elementor-field elementor-size-sm  elementor-field-textual\" required=\"required\" min=\"\" max=\"\" >\n\t\t\t\t\t\t<\/div>\n\t\t\t\t\t\t\t\t<div class=\"elementor-field-type-email elementor-field-group elementor-column elementor-field-group-email elementor-col-100 elementor-field-required\">\n\t\t\t\t\t\t\t\t\t\t\t\t<label for=\"form-field-email\" class=\"elementor-field-label\">\n\t\t\t\t\t\t\t\t8. Tu correo\t\t\t\t\t\t\t<\/label>\n\t\t\t\t\t\t\t\t\t\t\t\t\t\t<input size=\"1\" type=\"email\" name=\"form_fields[email]\" id=\"form-field-email\" class=\"elementor-field elementor-size-sm  elementor-field-textual\" placeholder=\"(Requerido)\" required=\"required\">\n\t\t\t\t\t\t\t\t\t\t\t<\/div>\n\t\t\t\t\t\t\t\t<div class=\"elementor-field-type-text elementor-field-group elementor-column elementor-field-group-field_e7e3792 elementor-col-100 elementor-field-required\">\n\t\t\t\t\t\t\t\t\t\t\t\t<label for=\"form-field-field_e7e3792\" class=\"elementor-field-label\">\n\t\t\t\t\t\t\t\t9. \u00bfEn d\u00f3nde viste esta vacante?*\t\t\t\t\t\t\t<\/label>\n\t\t\t\t\t\t\t\t\t\t\t\t\t\t<input size=\"1\" type=\"text\" name=\"form_fields[field_e7e3792]\" id=\"form-field-field_e7e3792\" class=\"elementor-field elementor-size-sm  elementor-field-textual\" placeholder=\"(Requerido)\" required=\"required\">\n\t\t\t\t\t\t\t\t\t\t\t<\/div>\n\t\t\t\t\t\t\t\t<div class=\"elementor-field-type-select elementor-field-group elementor-column elementor-field-group-field_4787dc8 elementor-col-100 elementor-field-required\">\n\t\t\t\t\t\t\t\t\t\t\t\t<label for=\"form-field-field_4787dc8\" class=\"elementor-field-label\">\n\t\t\t\t\t\t\t\t0. \u00bfTe encuentras laborando actualmente?*\t\t\t\t\t\t\t<\/label>\n\t\t\t\t\t\t\t\t<div class=\"elementor-field elementor-select-wrapper remove-before \">\n\t\t\t<div class=\"select-caret-down-wrapper\">\n\t\t\t\t<svg aria-hidden=\"true\" class=\"e-font-icon-svg e-eicon-caret-down\" viewBox=\"0 0 571.4 571.4\" xmlns=\"http:\/\/www.w3.org\/2000\/svg\"><path d=\"M571 393Q571 407 561 418L311 668Q300 679 286 679T261 668L11 418Q0 407 0 393T11 368 36 357H536Q550 357 561 368T571 393Z\"><\/path><\/svg>\t\t\t<\/div>\n\t\t\t<select name=\"form_fields[field_4787dc8]\" id=\"form-field-field_4787dc8\" class=\"elementor-field-textual elementor-size-sm\" required=\"required\">\n\t\t\t\t\t\t\t\t\t<option value=\"Elige una opci\u00f3n \">Elige una opci\u00f3n <\/option>\n\t\t\t\t\t\t\t\t\t<option value=\"S\u00ed\">S\u00ed<\/option>\n\t\t\t\t\t\t\t\t\t<option value=\"No\">No<\/option>\n\t\t\t\t\t\t\t<\/select>\n\t\t<\/div>\n\t\t\t\t\t\t<\/div>\n\t\t\t\t\t\t\t\t<div class=\"elementor-field-type-text elementor-field-group elementor-column elementor-field-group-field_7fe6103 elementor-col-100 elementor-field-required\">\n\t\t\t\t\t\t\t\t\t\t\t\t<label for=\"form-field-field_7fe6103\" class=\"elementor-field-label\">\n\t\t\t\t\t\t\t\t11. En dado caso de que te quedaras con la vacante \u00bfDe cu\u00e1nto tiempo requerir\u00edas para dejar tu posici\u00f3n actual?*\t\t\t\t\t\t\t<\/label>\n\t\t\t\t\t\t\t\t\t\t\t\t\t\t<input size=\"1\" type=\"text\" name=\"form_fields[field_7fe6103]\" id=\"form-field-field_7fe6103\" class=\"elementor-field elementor-size-sm  elementor-field-textual\" placeholder=\"(Requerido)\" required=\"required\">\n\t\t\t\t\t\t\t\t\t\t\t<\/div>\n\t\t\t\t\t\t\t\t<div class=\"elementor-field-type-html elementor-field-group elementor-column elementor-field-group-field_037fccc elementor-col-100\">\n\t\t\t\t\t<h1> Comparte tus conocimientos y experiencia respondiendo las siguientes preguntas, por favor.<\/h1>\t\t\t\t<\/div>\n\t\t\t\t\t\t\t\t<div class=\"elementor-field-type-select elementor-field-group elementor-column elementor-field-group-field_95c5675 elementor-col-100 elementor-field-required\">\n\t\t\t\t\t\t\t\t\t\t\t\t<label for=\"form-field-field_95c5675\" class=\"elementor-field-label\">\n\t\t\t\t\t\t\t\t12. \u00bfCu\u00e1l es tu nivel de ingl\u00e9s conversacional y escrito?*\t\t\t\t\t\t\t<\/label>\n\t\t\t\t\t\t\t\t<div class=\"elementor-field elementor-select-wrapper remove-before \">\n\t\t\t<div class=\"select-caret-down-wrapper\">\n\t\t\t\t<svg aria-hidden=\"true\" class=\"e-font-icon-svg e-eicon-caret-down\" viewBox=\"0 0 571.4 571.4\" xmlns=\"http:\/\/www.w3.org\/2000\/svg\"><path d=\"M571 393Q571 407 561 418L311 668Q300 679 286 679T261 668L11 418Q0 407 0 393T11 368 36 357H536Q550 357 561 368T571 393Z\"><\/path><\/svg>\t\t\t<\/div>\n\t\t\t<select name=\"form_fields[field_95c5675]\" id=\"form-field-field_95c5675\" class=\"elementor-field-textual elementor-size-sm\" required=\"required\">\n\t\t\t\t\t\t\t\t\t<option value=\"Elige una opci\u00f3n \">Elige una opci\u00f3n <\/option>\n\t\t\t\t\t\t\t\t\t<option value=\"B\u00e1sico\">B\u00e1sico<\/option>\n\t\t\t\t\t\t\t\t\t<option value=\"Intermedio\">Intermedio<\/option>\n\t\t\t\t\t\t\t\t\t<option value=\"Avanzado\">Avanzado<\/option>\n\t\t\t\t\t\t\t<\/select>\n\t\t<\/div>\n\t\t\t\t\t\t<\/div>\n\t\t\t\t\t\t\t\t<div class=\"elementor-field-type-text elementor-field-group elementor-column elementor-field-group-field_9efc3b0 elementor-col-100 elementor-field-required\">\n\t\t\t\t\t\t\t\t\t\t\t\t<label for=\"form-field-field_9efc3b0\" class=\"elementor-field-label\">\n\t\t\t\t\t\t\t\t13. \u00bfCu\u00e1l es tu experiencia laborando en forwarder? \u00bfQu\u00e9 puestos?*\t\t\t\t\t\t\t<\/label>\n\t\t\t\t\t\t\t\t\t\t\t\t\t\t<input size=\"1\" type=\"text\" name=\"form_fields[field_9efc3b0]\" id=\"form-field-field_9efc3b0\" class=\"elementor-field elementor-size-sm  elementor-field-textual\" placeholder=\"(Requerido)\" required=\"required\">\n\t\t\t\t\t\t\t\t\t\t\t<\/div>\n\t\t\t\t\t\t\t\t<div class=\"elementor-field-type-html elementor-field-group elementor-column elementor-field-group-field_d9d387b elementor-col-100\">\n\t\t\t\t\t<h1> Compartenos, por favor...<\/h1>\t\t\t\t<\/div>\n\t\t\t\t\t\t\t\t<div class=\"elementor-field-type-number elementor-field-group elementor-column elementor-field-group-field_793992c elementor-col-100 elementor-field-required\">\n\t\t\t\t\t\t\t\t\t\t\t\t<label for=\"form-field-field_793992c\" class=\"elementor-field-label\">\n\t\t\t\t\t\t\t\t14. \u00bfDe cu\u00e1nto fue tu \u00faltimo sueldo?*\t\t\t\t\t\t\t<\/label>\n\t\t\t\t\t\t\t\t\t<input type=\"number\" name=\"form_fields[field_793992c]\" id=\"form-field-field_793992c\" class=\"elementor-field elementor-size-sm  elementor-field-textual\" required=\"required\" min=\"\" max=\"\" >\n\t\t\t\t\t\t<\/div>\n\t\t\t\t\t\t\t\t<div class=\"elementor-field-type-select elementor-field-group elementor-column elementor-field-group-field_d4f7db8 elementor-col-100 elementor-field-required\">\n\t\t\t\t\t\t\t\t\t\t\t\t<label for=\"form-field-field_d4f7db8\" class=\"elementor-field-label\">\n\t\t\t\t\t\t\t\t15. \u00bfTu sueldo era\/es bruto o neto?*\t\t\t\t\t\t\t<\/label>\n\t\t\t\t\t\t\t\t<div class=\"elementor-field elementor-select-wrapper remove-before \">\n\t\t\t<div class=\"select-caret-down-wrapper\">\n\t\t\t\t<svg aria-hidden=\"true\" class=\"e-font-icon-svg e-eicon-caret-down\" viewBox=\"0 0 571.4 571.4\" xmlns=\"http:\/\/www.w3.org\/2000\/svg\"><path d=\"M571 393Q571 407 561 418L311 668Q300 679 286 679T261 668L11 418Q0 407 0 393T11 368 36 357H536Q550 357 561 368T571 393Z\"><\/path><\/svg>\t\t\t<\/div>\n\t\t\t<select name=\"form_fields[field_d4f7db8]\" id=\"form-field-field_d4f7db8\" class=\"elementor-field-textual elementor-size-sm\" required=\"required\">\n\t\t\t\t\t\t\t\t\t<option value=\"Elige una opci\u00f3n\">Elige una opci\u00f3n<\/option>\n\t\t\t\t\t\t\t\t\t<option value=\"Bruto \">Bruto <\/option>\n\t\t\t\t\t\t\t\t\t<option value=\"Neto\">Neto<\/option>\n\t\t\t\t\t\t\t<\/select>\n\t\t<\/div>\n\t\t\t\t\t\t<\/div>\n\t\t\t\t\t\t\t\t<div class=\"elementor-field-type-number elementor-field-group elementor-column elementor-field-group-field_5cb3c02 elementor-col-100 elementor-field-required\">\n\t\t\t\t\t\t\t\t\t\t\t\t<label for=\"form-field-field_5cb3c02\" class=\"elementor-field-label\">\n\t\t\t\t\t\t\t\t16. \u00bfCu\u00e1l es tu expectativa econ\u00f3mica?*\t\t\t\t\t\t\t<\/label>\n\t\t\t\t\t\t\t\t\t<input type=\"number\" name=\"form_fields[field_5cb3c02]\" id=\"form-field-field_5cb3c02\" class=\"elementor-field elementor-size-sm  elementor-field-textual\" required=\"required\" min=\"\" max=\"\" >\n\t\t\t\t\t\t<\/div>\n\t\t\t\t\t\t\t\t<div class=\"elementor-field-type-select elementor-field-group elementor-column elementor-field-group-field_0f51426 elementor-col-100\">\n\t\t\t\t\t\t\t\t\t\t\t\t<label for=\"form-field-field_0f51426\" class=\"elementor-field-label\">\n\t\t\t\t\t\t\t\t17. \u00bfTu expectativa es bruta o neta?*\t\t\t\t\t\t\t<\/label>\n\t\t\t\t\t\t\t\t<div class=\"elementor-field elementor-select-wrapper remove-before \">\n\t\t\t<div class=\"select-caret-down-wrapper\">\n\t\t\t\t<svg aria-hidden=\"true\" class=\"e-font-icon-svg e-eicon-caret-down\" viewBox=\"0 0 571.4 571.4\" xmlns=\"http:\/\/www.w3.org\/2000\/svg\"><path d=\"M571 393Q571 407 561 418L311 668Q300 679 286 679T261 668L11 418Q0 407 0 393T11 368 36 357H536Q550 357 561 368T571 393Z\"><\/path><\/svg>\t\t\t<\/div>\n\t\t\t<select name=\"form_fields[field_0f51426]\" id=\"form-field-field_0f51426\" class=\"elementor-field-textual elementor-size-sm\">\n\t\t\t\t\t\t\t\t\t<option value=\"Elige una opci\u00f3n \">Elige una opci\u00f3n <\/option>\n\t\t\t\t\t\t\t\t\t<option value=\"Bruto\">Bruto<\/option>\n\t\t\t\t\t\t\t\t\t<option value=\"Neto\">Neto<\/option>\n\t\t\t\t\t\t\t<\/select>\n\t\t<\/div>\n\t\t\t\t\t\t<\/div>\n\t\t\t\t\t\t\t\t<div class=\"elementor-field-type-text elementor-field-group elementor-column elementor-field-group-field_10e4f8a elementor-col-100\">\n\t\t\t\t\t\t\t\t\t\t\t\t<label for=\"form-field-field_10e4f8a\" class=\"elementor-field-label\">\n\t\t\t\t\t\t\t\t18. \u00bfCu\u00e1nto tiempo haces de tu domicilio a Jorge Eliot, Polanco IV Secc, Miguel Hidalgo, 11560, CDMX?\t\t\t\t\t\t\t<\/label>\n\t\t\t\t\t\t\t\t\t\t\t\t\t\t<input size=\"1\" type=\"text\" name=\"form_fields[field_10e4f8a]\" id=\"form-field-field_10e4f8a\" class=\"elementor-field elementor-size-sm  elementor-field-textual\">\n\t\t\t\t\t\t\t\t\t\t\t<\/div>\n\t\t\t\t\t\t\t\t<div class=\"elementor-field-type-text elementor-field-group elementor-column elementor-field-group-field_2af732e elementor-col-100 elementor-field-required\">\n\t\t\t\t\t\t\t\t\t\t\t\t<label for=\"form-field-field_2af732e\" class=\"elementor-field-label\">\n\t\t\t\t\t\t\t\t9. \u00bfQu\u00e9 medio de transporte utilizas? *\t\t\t\t\t\t\t<\/label>\n\t\t\t\t\t\t\t\t\t\t\t\t\t\t<input size=\"1\" type=\"text\" name=\"form_fields[field_2af732e]\" id=\"form-field-field_2af732e\" class=\"elementor-field elementor-size-sm  elementor-field-textual\" required=\"required\">\n\t\t\t\t\t\t\t\t\t\t\t<\/div>\n\t\t\t\t\t\t\t\t<div class=\"elementor-field-type-text elementor-field-group elementor-column elementor-field-group-field_83edfd7 elementor-col-100 elementor-field-required\">\n\t\t\t\t\t\t\t\t\t\t\t\t<label for=\"form-field-field_83edfd7\" class=\"elementor-field-label\">\n\t\t\t\t\t\t\t\t20. \u00bfPor qu\u00e9 te interesa ocupar esta vacante?*\t\t\t\t\t\t\t<\/label>\n\t\t\t\t\t\t\t\t\t\t\t\t\t\t<input size=\"1\" type=\"text\" name=\"form_fields[field_83edfd7]\" id=\"form-field-field_83edfd7\" class=\"elementor-field elementor-size-sm  elementor-field-textual\" placeholder=\"(Requerido)\" required=\"required\">\n\t\t\t\t\t\t\t\t\t\t\t<\/div>\n\t\t\t\t\t\t\t\t<div class=\"elementor-field-type-html elementor-field-group elementor-column elementor-field-group-field_a06532c elementor-col-100\">\n\t\t\t\t\t<p>*Tus datos personales son importantes para brindarte una mayor atenci\u00f3n por lo que son manejados y protegidos de acuerdo a la Ley Federal de Protecci\u00f3n de Datos Personales en Posesi\u00f3n de los Particulares. Si quieres conocer el aviso de privacidad da clic en aviso de privacidad.<\/p>\t\t\t\t<\/div>\n\t\t\t\t\t\t\t\t<div class=\"elementor-field-type-checkbox elementor-field-group elementor-column elementor-field-group-field_7eddb4b elementor-col-100\">\n\t\t\t\t\t<div class=\"elementor-field-subgroup  elementor-subgroup-inline\"><span class=\"elementor-field-option\"><input type=\"checkbox\" value=\"Acepto que he le\u00eddo el aviso de privacidad.\" id=\"form-field-field_7eddb4b-0\" name=\"form_fields[field_7eddb4b]\"> <label for=\"form-field-field_7eddb4b-0\">Acepto que he le\u00eddo el aviso de privacidad.<\/label><\/span><\/div>\t\t\t\t<\/div>\n\t\t\t\t\t\t\t\t<div class=\"elementor-field-group elementor-column elementor-field-type-submit elementor-col-20 e-form__buttons\">\n\t\t\t\t\t<button class=\"elementor-button elementor-size-sm elementor-animation-grow\" type=\"submit\">\n\t\t\t\t\t\t<span class=\"elementor-button-content-wrapper\">\n\t\t\t\t\t\t\t\t\t\t\t\t\t\t\t\t\t\t\t\t\t\t<span class=\"elementor-button-text\">Enviar<\/span>\n\t\t\t\t\t\t\t\t\t\t\t\t\t<\/span>\n\t\t\t\t\t<\/button>\n\t\t\t\t<\/div>\n\t\t\t<\/div>\n\t\t<\/form>\n\t\t\t\t\t\t<\/div>\n\t\t\t\t<\/div>\n\t\t\t\t\t<\/div>\n\t\t\t\t<\/div>\n\t\t\t\t<\/div>\n\t\t","protected":false},"excerpt":{"rendered":"<p>Vacante 2 Caracter\u00edsticas de vacante ejemplo: Lorem ipsum dolor sit amet, consectetur adipiscing elit. Fusce tellus massa, vulputate consequat odio nec, fringilla consequat neque. Donec viverra nisl ante, non pharetra erat finibus ut. Donec et ex sit amet lorem laoreet congue. Suspendisse interdum scelerisque aliquam. Morbi et purus ligula. Vivamus suscipit risus congue nisl aliquam [&hellip;]<\/p>\n","protected":false},"author":2,"featured_media":0,"parent":0,"menu_order":0,"comment_status":"closed","ping_status":"closed","template":"","meta":{"_acf_changed":false,"_joinchat":[],"footnotes":""},"class_list":["post-250614","page","type-page","status-publish","hentry"],"acf":[],"_links":{"self":[{"href":"https:\/\/mexproudshipping.com\/PruebasLayer\/wp-json\/wp\/v2\/pages\/250614","targetHints":{"allow":["GET"]}}],"collection":[{"href":"https:\/\/mexproudshipping.com\/PruebasLayer\/wp-json\/wp\/v2\/pages"}],"about":[{"href":"https:\/\/mexproudshipping.com\/PruebasLayer\/wp-json\/wp\/v2\/types\/page"}],"author":[{"embeddable":true,"href":"https:\/\/mexproudshipping.com\/PruebasLayer\/wp-json\/wp\/v2\/users\/2"}],"replies":[{"embeddable":true,"href":"https:\/\/mexproudshipping.com\/PruebasLayer\/wp-json\/wp\/v2\/comments?post=250614"}],"version-history":[{"count":0,"href":"https:\/\/mexproudshipping.com\/PruebasLayer\/wp-json\/wp\/v2\/pages\/250614\/revisions"}],"wp:attachment":[{"href":"https:\/\/mexproudshipping.com\/PruebasLayer\/wp-json\/wp\/v2\/media?parent=250614"}],"curies":[{"name":"wp","href":"https:\/\/api.w.org\/{rel}","templated":true}]}}